{"id":6512,"date":"2021-03-29T12:52:23","date_gmt":"2021-03-29T11:52:23","guid":{"rendered":"http:\/\/34.250.150.32\/?page_id=6512"},"modified":"2021-04-14T15:14:12","modified_gmt":"2021-04-14T14:14:12","slug":"politica-de-cookies","status":"publish","type":"page","link":"https:\/\/www.colectivia.com\/blog\/politica-de-cookies\/","title":{"rendered":"Pol\u00edtica de cookies"},"content":{"rendered":"\n<h3>1. General<\/h3>\n\n\n\n<p>Una cookie es un peque\u00f1o archivo, que se almacena en el ordenador, tablet, tel\u00e9fono m\u00f3vil o en definitiva, en el dispositivo utilizado para navegar a trav\u00e9s de Internet, y que puede almacenar informaci\u00f3n con fines estad\u00edsticos o funcionales. Algunas pueden utilizarse para reconocer al usuario que vuelve a visitar una web y facilitarle la navegaci\u00f3n o personalizar el contenido.<\/p>\n\n\n\n<p>El objetivo de la utilizaci\u00f3n de Cookies es personalizar el acceso al Sitio Web con el prop\u00f3sito de optimizar la navegaci\u00f3n y el funcionamiento de la Web, mejorar nuestros servicios, y mostrarle contenidos con las preferencias del usuario, mediante el an\u00e1lisis de sus h\u00e1bitos de navegaci\u00f3n.<\/p>\n\n\n\n<h3>2. Cookies t\u00e9cnicas<\/h3>\n\n\n\n<p>Permiten al usuario la utilizaci\u00f3n de las diferentes opciones o servicios, por ejemplo: identificar la sesi\u00f3n, acceder a tu panel de usuario, recordar los elementos que integran un pedido etc. Colectivia utiliza las siguientes cookies t\u00e9cnicas:<\/p>\n\n\n\n<figure class=\"wp-block-table\"><table><thead><tr><th>Nombre<\/th><th>Prop\u00f3sito<\/th><\/tr><\/thead><tbody><tr><td>cookielawinfo-checkbox-necessary<\/td><td>Necesaria para guardar tus preferencias de ajustes de cookies.<\/td><\/tr><tr><td>cookielawinfo-checkbox-analytics<\/td><td>Necesaria para guardar tus preferencias de ajustes de cookies.<\/td><\/tr><tr><td>viewed_cookie_policy<\/td><td>Necesaria para guardar tus preferencias de ajustes de cookies.<\/td><\/tr><tr><td>CookieLawInfoConsent<\/td><td>Cookie gestionada por el complemento de consentimiento de cookies de GDPR. Se utiliza para almacenar el estado de consentimiento de cookies del usuario.<\/td><\/tr><\/tbody><\/table><\/figure>\n\n\n\n<p><\/p>\n\n\n\n<h3>3. Cookies de anal\u00edtica<\/h3>\n\n\n\n<h4>Google Analytics:<\/h4>\n\n\n\n<p>En cumplimiento del Real Decreto-ley 13\/2012, Buy &amp; Click le informa de que su sitio web (www.colectivia.com\/blog) utiliza Google Analytics, un servicio de anal\u00edtica web prestado por Google, Inc. Google Analytics ubica una serie de cookies en su ordenador con la \u00fanica finalidad de evaluar el tipo de navegaci\u00f3n que realice por la pagina web y presentarnos informes de actividad en el sitio web.<\/p>\n\n\n\n<p>Google almacena la informaci\u00f3n recogida por las cookies en servidores ubicados en Estados Unidos y se compromete a no compartirla con terceros, excepto cuando la ley le obligue a ello o sea necesario para el funcionamiento del sistema. Google no asocia su direccion IP con ninguna otra informaci\u00f3n que tenga.<\/p>\n\n\n\n<p>Google Inc. es una empresa adherida al Acuerdo de Puerto Seguro. Este acuerdo garantiza que los datos transferidos ser\u00e1n tratados con un nivel de protecci\u00f3n acorde a la normativa europea. Puede consultar la ficha de registro de Google en este enlace:&nbsp;<a href=\"http:\/\/safeharbor.export.gov\/companyinfo.aspx?id=16626\" target=\"_blank\" rel=\"noreferrer noopener\">Ficha de registro de Google en el Acuerdo de Puerto Seguro<\/a>.<\/p>\n\n\n\n<p>Si desea obtener mas informaci\u00f3n acerca de las cookies usadas por Google Analytics, por favor acceda a esta direcci\u00f3n:&nbsp;<a href=\"https:\/\/developers.google.com\/analytics\/devguides\/collection\/analyticsjs\/cookie-usage?hl=es&amp;csw=1\" target=\"_blank\" rel=\"noreferrer noopener\">Conceptos sobre cookies de Google Analytics<\/a>.<\/p>\n\n\n\n<p>Google ha desarrollado un complemento que puede instalar en su navegador si desea no ser restreado por sus cookies:&nbsp;<a href=\"https:\/\/tools.google.com\/dlpage\/gaoptout\" target=\"_blank\" rel=\"noreferrer noopener\">Complemento Opt-out de Google Analytics<\/a>.<\/p>\n\n\n\n<figure class=\"wp-block-table\"><table><thead><tr><th>Nombre<\/th><th>Prop\u00f3sito<\/th><\/tr><\/thead><tbody><tr><td>_ga<\/td><td>Utilizada para distinguir a los usuarios.<\/td><\/tr><tr><td>_gid<\/td><td>Utilizada para distinguir a los usuarios.<\/td><\/tr><tr><td>_gat<\/td><td>Utilizada para limitar el porcentaje de solicitudes.<\/td><\/tr><\/tbody><\/table><\/figure>\n\n\n\n<h3>4. \u00bfC\u00f3mo rechazar las cookies?<\/h3>\n\n\n\n<p>Puedes configurar tu navegador para aceptar o rechazar la instalaci\u00f3n de todas, o alg\u00fan tipo de cookie, o para solicitar que se te notifique cu\u00e1ndo se coloca una cookie.<\/p>\n\n\n\n<p>Cada navegador dispone de unas instrucciones espec\u00edficas de configuraci\u00f3n. A continuaci\u00f3n proporcionamos los enlaces con la informaci\u00f3n concerniente a los navegadores m\u00e1s habituales:<\/p>\n\n\n\n<p><a href=\"http:\/\/support.google.com\/chrome\/bin\/answer.py?hl=es&amp;hlrm=en&amp;answer=95647\" target=\"_blank\" rel=\"noreferrer noopener\">Google Chrome<\/a><br><a href=\"http:\/\/support.mozilla.org\/es\/kb\/cookies-informacion-que-los-sitios-web-guardan-en-?s=cookies&amp;r=1&amp;as=s\" target=\"_blank\" rel=\"noreferrer noopener\">Mozilla Firefox<\/a><br><a href=\"https:\/\/support.apple.com\/es-es\/HT201265\">Safari<\/a><br><a href=\"https:\/\/support.microsoft.com\/search\/results?query=eliminar+cookies\">Internet Explorer<\/a><\/p>\n","protected":false},"excerpt":{"rendered":"<p>1. General Una cookie es un peque\u00f1o archivo, que se almacena en el ordenador, tablet, tel\u00e9fono m\u00f3vil o en definitiva, en el dispositivo utilizado para navegar a trav\u00e9s de Internet, y que puede almacenar informaci\u00f3n con fines estad\u00edsticos o funcionales. Algunas pueden utilizarse para reconocer al usuario que vuelve a visitar una web y facilitarle [&hellip;]<\/p>\n","protected":false},"author":1,"featured_media":0,"parent":0,"menu_order":0,"comment_status":"closed","ping_status":"closed","template":"","meta":[],"yoast_head":"<!-- This site is optimized with the Yoast SEO Premium plugin v19.0 (Yoast SEO v19.14) - https:\/\/yoast.com\/wordpress\/plugins\/seo\/ -->\n<title>Pol\u00edtica de cookies - Colectivia Blog | Parques de atracciones, acu\u00e1ticos, zool\u00f3gicos, acuarios y m\u00e1s<\/title>\n<meta name=\"robots\" content=\"index, follow, max-snippet:-1, max-image-preview:large, max-video-preview:-1\" \/>\n<link rel=\"canonical\" href=\"https:\/\/www.colectivia.com\/blog\/politica-de-cookies\/\" \/>\n<meta property=\"og:locale\" content=\"es_ES\" \/>\n<meta property=\"og:type\" content=\"article\" \/>\n<meta property=\"og:title\" content=\"Pol\u00edtica de cookies\" \/>\n<meta property=\"og:description\" content=\"1. General Una cookie es un peque\u00f1o archivo, que se almacena en el ordenador, tablet, tel\u00e9fono m\u00f3vil o en definitiva, en el dispositivo utilizado para navegar a trav\u00e9s de Internet, y que puede almacenar informaci\u00f3n con fines estad\u00edsticos o funcionales. Algunas pueden utilizarse para reconocer al usuario que vuelve a visitar una web y facilitarle [&hellip;]\" \/>\n<meta property=\"og:url\" content=\"https:\/\/www.colectivia.com\/blog\/politica-de-cookies\/\" \/>\n<meta property=\"og:site_name\" content=\"Colectivia Blog | Parques de atracciones, acu\u00e1ticos, zool\u00f3gicos, acuarios y m\u00e1s\" \/>\n<meta property=\"article:modified_time\" content=\"2021-04-14T14:14:12+00:00\" \/>\n<meta name=\"twitter:card\" content=\"summary_large_image\" \/>\n<meta name=\"twitter:label1\" content=\"Tiempo de lectura\" \/>\n\t<meta name=\"twitter:data1\" content=\"3 minutos\" \/>\n<script type=\"application\/ld+json\" class=\"yoast-schema-graph\">{\"@context\":\"https:\/\/schema.org\",\"@graph\":[{\"@type\":\"WebPage\",\"@id\":\"https:\/\/www.colectivia.com\/blog\/politica-de-cookies\/\",\"url\":\"https:\/\/www.colectivia.com\/blog\/politica-de-cookies\/\",\"name\":\"Pol\u00edtica de cookies - Colectivia Blog | Parques de atracciones, acu\u00e1ticos, zool\u00f3gicos, acuarios y m\u00e1s\",\"isPartOf\":{\"@id\":\"https:\/\/www.colectivia.com\/blog\/#website\"},\"datePublished\":\"2021-03-29T11:52:23+00:00\",\"dateModified\":\"2021-04-14T14:14:12+00:00\",\"breadcrumb\":{\"@id\":\"https:\/\/www.colectivia.com\/blog\/politica-de-cookies\/#breadcrumb\"},\"inLanguage\":\"es\",\"potentialAction\":[{\"@type\":\"ReadAction\",\"target\":[\"https:\/\/www.colectivia.com\/blog\/politica-de-cookies\/\"]}]},{\"@type\":\"BreadcrumbList\",\"@id\":\"https:\/\/www.colectivia.com\/blog\/politica-de-cookies\/#breadcrumb\",\"itemListElement\":[{\"@type\":\"ListItem\",\"position\":1,\"name\":\"Portada\",\"item\":\"https:\/\/www.colectivia.com\/blog\/\"},{\"@type\":\"ListItem\",\"position\":2,\"name\":\"Pol\u00edtica de cookies\"}]},{\"@type\":\"WebSite\",\"@id\":\"https:\/\/www.colectivia.com\/blog\/#website\",\"url\":\"https:\/\/www.colectivia.com\/blog\/\",\"name\":\"Colectivia Blog | Parques de atracciones, acu\u00e1ticos, zool\u00f3gicos, acuarios y m\u00e1s\",\"description\":\"Recomendaciones sobre actividades de ocio, gastronom\u00eda, viajes y todo lo que te gusta en tu ciudad.\",\"publisher\":{\"@id\":\"https:\/\/www.colectivia.com\/blog\/#organization\"},\"potentialAction\":[{\"@type\":\"SearchAction\",\"target\":{\"@type\":\"EntryPoint\",\"urlTemplate\":\"https:\/\/www.colectivia.com\/blog\/?s={search_term_string}\"},\"query-input\":\"required name=search_term_string\"}],\"inLanguage\":\"es\"},{\"@type\":\"Organization\",\"@id\":\"https:\/\/www.colectivia.com\/blog\/#organization\",\"name\":\"Colectivia Stories\",\"url\":\"https:\/\/www.colectivia.com\/blog\/\",\"logo\":{\"@type\":\"ImageObject\",\"inLanguage\":\"es\",\"@id\":\"https:\/\/www.colectivia.com\/blog\/#\/schema\/logo\/image\/\",\"url\":\"https:\/\/www.colectivia.com\/blog\/wp-content\/uploads\/2019\/11\/colectivia.jpg\",\"contentUrl\":\"https:\/\/www.colectivia.com\/blog\/wp-content\/uploads\/2019\/11\/colectivia.jpg\",\"width\":250,\"height\":167,\"caption\":\"Colectivia Stories\"},\"image\":{\"@id\":\"https:\/\/www.colectivia.com\/blog\/#\/schema\/logo\/image\/\"}}]}<\/script>\n<!-- \/ Yoast SEO Premium plugin. -->","yoast_head_json":{"title":"Pol\u00edtica de cookies - Colectivia Blog | Parques de atracciones, acu\u00e1ticos, zool\u00f3gicos, acuarios y m\u00e1s","robots":{"index":"index","follow":"follow","max-snippet":"max-snippet:-1","max-image-preview":"max-image-preview:large","max-video-preview":"max-video-preview:-1"},"canonical":"https:\/\/www.colectivia.com\/blog\/politica-de-cookies\/","og_locale":"es_ES","og_type":"article","og_title":"Pol\u00edtica de cookies","og_description":"1. General Una cookie es un peque\u00f1o archivo, que se almacena en el ordenador, tablet, tel\u00e9fono m\u00f3vil o en definitiva, en el dispositivo utilizado para navegar a trav\u00e9s de Internet, y que puede almacenar informaci\u00f3n con fines estad\u00edsticos o funcionales. Algunas pueden utilizarse para reconocer al usuario que vuelve a visitar una web y facilitarle [&hellip;]","og_url":"https:\/\/www.colectivia.com\/blog\/politica-de-cookies\/","og_site_name":"Colectivia Blog | Parques de atracciones, acu\u00e1ticos, zool\u00f3gicos, acuarios y m\u00e1s","article_modified_time":"2021-04-14T14:14:12+00:00","twitter_card":"summary_large_image","twitter_misc":{"Tiempo de lectura":"3 minutos"},"schema":{"@context":"https:\/\/schema.org","@graph":[{"@type":"WebPage","@id":"https:\/\/www.colectivia.com\/blog\/politica-de-cookies\/","url":"https:\/\/www.colectivia.com\/blog\/politica-de-cookies\/","name":"Pol\u00edtica de cookies - Colectivia Blog | Parques de atracciones, acu\u00e1ticos, zool\u00f3gicos, acuarios y m\u00e1s","isPartOf":{"@id":"https:\/\/www.colectivia.com\/blog\/#website"},"datePublished":"2021-03-29T11:52:23+00:00","dateModified":"2021-04-14T14:14:12+00:00","breadcrumb":{"@id":"https:\/\/www.colectivia.com\/blog\/politica-de-cookies\/#breadcrumb"},"inLanguage":"es","potentialAction":[{"@type":"ReadAction","target":["https:\/\/www.colectivia.com\/blog\/politica-de-cookies\/"]}]},{"@type":"BreadcrumbList","@id":"https:\/\/www.colectivia.com\/blog\/politica-de-cookies\/#breadcrumb","itemListElement":[{"@type":"ListItem","position":1,"name":"Portada","item":"https:\/\/www.colectivia.com\/blog\/"},{"@type":"ListItem","position":2,"name":"Pol\u00edtica de cookies"}]},{"@type":"WebSite","@id":"https:\/\/www.colectivia.com\/blog\/#website","url":"https:\/\/www.colectivia.com\/blog\/","name":"Colectivia Blog | Parques de atracciones, acu\u00e1ticos, zool\u00f3gicos, acuarios y m\u00e1s","description":"Recomendaciones sobre actividades de ocio, gastronom\u00eda, viajes y todo lo que te gusta en tu ciudad.","publisher":{"@id":"https:\/\/www.colectivia.com\/blog\/#organization"},"potentialAction":[{"@type":"SearchAction","target":{"@type":"EntryPoint","urlTemplate":"https:\/\/www.colectivia.com\/blog\/?s={search_term_string}"},"query-input":"required name=search_term_string"}],"inLanguage":"es"},{"@type":"Organization","@id":"https:\/\/www.colectivia.com\/blog\/#organization","name":"Colectivia Stories","url":"https:\/\/www.colectivia.com\/blog\/","logo":{"@type":"ImageObject","inLanguage":"es","@id":"https:\/\/www.colectivia.com\/blog\/#\/schema\/logo\/image\/","url":"https:\/\/www.colectivia.com\/blog\/wp-content\/uploads\/2019\/11\/colectivia.jpg","contentUrl":"https:\/\/www.colectivia.com\/blog\/wp-content\/uploads\/2019\/11\/colectivia.jpg","width":250,"height":167,"caption":"Colectivia Stories"},"image":{"@id":"https:\/\/www.colectivia.com\/blog\/#\/schema\/logo\/image\/"}}]}},"_links":{"self":[{"href":"https:\/\/www.colectivia.com\/blog\/wp-json\/wp\/v2\/pages\/6512"}],"collection":[{"href":"https:\/\/www.colectivia.com\/blog\/wp-json\/wp\/v2\/pages"}],"about":[{"href":"https:\/\/www.colectivia.com\/blog\/wp-json\/wp\/v2\/types\/page"}],"author":[{"embeddable":true,"href":"https:\/\/www.colectivia.com\/blog\/wp-json\/wp\/v2\/users\/1"}],"replies":[{"embeddable":true,"href":"https:\/\/www.colectivia.com\/blog\/wp-json\/wp\/v2\/comments?post=6512"}],"version-history":[{"count":5,"href":"https:\/\/www.colectivia.com\/blog\/wp-json\/wp\/v2\/pages\/6512\/revisions"}],"predecessor-version":[{"id":6616,"href":"https:\/\/www.colectivia.com\/blog\/wp-json\/wp\/v2\/pages\/6512\/revisions\/6616"}],"wp:attachment":[{"href":"https:\/\/www.colectivia.com\/blog\/wp-json\/wp\/v2\/media?parent=6512"}],"curies":[{"name":"wp","href":"https:\/\/api.w.org\/{rel}","templated":true}]}}