{"id":5539,"date":"2020-09-21T15:07:30","date_gmt":"2020-09-21T14:07:30","guid":{"rendered":"http:\/\/34.250.150.32\/?page_id=5539"},"modified":"2020-09-22T14:14:32","modified_gmt":"2020-09-22T13:14:32","slug":"cambios-gratis","status":"publish","type":"page","link":"https:\/\/www.colectivia.com\/blog\/cambios-gratis\/","title":{"rendered":"CAMBIOS GRATIS"},"content":{"rendered":"\n<p>Si te regalan una experiencia que no te gusta, hacer un cambio en Colectivia es muy f\u00e1cil. Siempre y cuando no hayas hecho la reserva para realizar la actividad, puedes solicitar el cambio y se te reembolsar\u00e1 el importe de tu cup\u00f3n en forma de Puntos Colectivia.<\/p>\n\n\n\n<p>Podr\u00e1s utilizar estos puntos a la hora de hacer cualquier compra a trav\u00e9s de nuestra web, para comprar experiencias de aventura o para cualquier otra oferta (incluyendo restaurantes, servicios de belleza, cursos, etc.)<\/p>\n\n\n\n<p>En el caso\nde que la experiencia que quieras sea de un <strong>precio superior<\/strong> al del cup\u00f3n\nque ya ten\u00edas, podr\u00e1s <strong>abonar la diferencia<\/strong> al hacer la compra a trav\u00e9s\nde&nbsp;la p\u00e1gina web.<\/p>\n\n\n\n<p>Si tiene un precio inferior, los puntos que no hayas usado se quedar\u00e1n en tu cuenta y podr\u00e1s usarlos en tus siguientes compras.&nbsp;<\/p>\n\n\n\n<p> Si ya has hecho una reserva para disfrutar de tu Experiencia Colectivia, revisa las condiciones de tu cup\u00f3n para ver si es posible modificarla o cancelarla. Es probable que tengas que ponerte en contacto con la empresa organizadora para llegar a un acuerdo con ellos.<\/p>\n\n\n\n<p>Si tiene\ncualquier duda, p\u00f3ngase en contacto con nosotros mediante este <a href=\"https:\/\/www.colectivia.com\/contacto\/usuario\">formulario<\/a>.<\/p>\n","protected":false},"excerpt":{"rendered":"<p>Si te regalan una experiencia que no te gusta, hacer un cambio en Colectivia es muy f\u00e1cil. Siempre y cuando no hayas hecho la reserva para realizar la actividad, puedes solicitar el cambio y se te reembolsar\u00e1 el importe de tu cup\u00f3n en forma de Puntos Colectivia. Podr\u00e1s utilizar estos puntos a la hora de [&hellip;]<\/p>\n","protected":false},"author":1,"featured_media":0,"parent":0,"menu_order":0,"comment_status":"closed","ping_status":"closed","template":"","meta":[],"yoast_head":"<!-- This site is optimized with the Yoast SEO Premium plugin v19.0 (Yoast SEO v19.14) - https:\/\/yoast.com\/wordpress\/plugins\/seo\/ -->\n<title>CAMBIOS GRATIS - Colectivia Blog | Parques de atracciones, acu\u00e1ticos, zool\u00f3gicos, acuarios y m\u00e1s<\/title>\n<meta name=\"robots\" content=\"index, follow, max-snippet:-1, max-image-preview:large, max-video-preview:-1\" \/>\n<link rel=\"canonical\" href=\"https:\/\/www.colectivia.com\/blog\/cambios-gratis\/\" \/>\n<meta property=\"og:locale\" content=\"es_ES\" \/>\n<meta property=\"og:type\" content=\"article\" \/>\n<meta property=\"og:title\" content=\"CAMBIOS GRATIS\" \/>\n<meta property=\"og:description\" content=\"Si te regalan una experiencia que no te gusta, hacer un cambio en Colectivia es muy f\u00e1cil. Siempre y cuando no hayas hecho la reserva para realizar la actividad, puedes solicitar el cambio y se te reembolsar\u00e1 el importe de tu cup\u00f3n en forma de Puntos Colectivia. Podr\u00e1s utilizar estos puntos a la hora de [&hellip;]\" \/>\n<meta property=\"og:url\" content=\"https:\/\/www.colectivia.com\/blog\/cambios-gratis\/\" \/>\n<meta property=\"og:site_name\" content=\"Colectivia Blog | Parques de atracciones, acu\u00e1ticos, zool\u00f3gicos, acuarios y m\u00e1s\" \/>\n<meta property=\"article:modified_time\" content=\"2020-09-22T13:14:32+00:00\" \/>\n<meta name=\"twitter:card\" content=\"summary_large_image\" \/>\n<meta name=\"twitter:label1\" content=\"Tiempo de lectura\" \/>\n\t<meta name=\"twitter:data1\" content=\"1 minuto\" \/>\n<script type=\"application\/ld+json\" class=\"yoast-schema-graph\">{\"@context\":\"https:\/\/schema.org\",\"@graph\":[{\"@type\":\"WebPage\",\"@id\":\"https:\/\/www.colectivia.com\/blog\/cambios-gratis\/\",\"url\":\"https:\/\/www.colectivia.com\/blog\/cambios-gratis\/\",\"name\":\"CAMBIOS GRATIS - Colectivia Blog | Parques de atracciones, acu\u00e1ticos, zool\u00f3gicos, acuarios y m\u00e1s\",\"isPartOf\":{\"@id\":\"https:\/\/34.250.150.32\/#website\"},\"datePublished\":\"2020-09-21T14:07:30+00:00\",\"dateModified\":\"2020-09-22T13:14:32+00:00\",\"breadcrumb\":{\"@id\":\"https:\/\/www.colectivia.com\/blog\/cambios-gratis\/#breadcrumb\"},\"inLanguage\":\"es\",\"potentialAction\":[{\"@type\":\"ReadAction\",\"target\":[\"https:\/\/www.colectivia.com\/blog\/cambios-gratis\/\"]}]},{\"@type\":\"BreadcrumbList\",\"@id\":\"https:\/\/www.colectivia.com\/blog\/cambios-gratis\/#breadcrumb\",\"itemListElement\":[{\"@type\":\"ListItem\",\"position\":1,\"name\":\"Portada\",\"item\":\"https:\/\/34.250.150.32\/\"},{\"@type\":\"ListItem\",\"position\":2,\"name\":\"CAMBIOS GRATIS\"}]},{\"@type\":\"WebSite\",\"@id\":\"https:\/\/34.250.150.32\/#website\",\"url\":\"https:\/\/34.250.150.32\/\",\"name\":\"Colectivia Blog | Parques de atracciones, acu\u00e1ticos, zool\u00f3gicos, acuarios y m\u00e1s\",\"description\":\"Recomendaciones sobre actividades de ocio, gastronom\u00eda, viajes y todo lo que te gusta en tu ciudad.\",\"publisher\":{\"@id\":\"https:\/\/34.250.150.32\/#organization\"},\"potentialAction\":[{\"@type\":\"SearchAction\",\"target\":{\"@type\":\"EntryPoint\",\"urlTemplate\":\"https:\/\/34.250.150.32\/?s={search_term_string}\"},\"query-input\":\"required name=search_term_string\"}],\"inLanguage\":\"es\"},{\"@type\":\"Organization\",\"@id\":\"https:\/\/34.250.150.32\/#organization\",\"name\":\"Colectivia Stories\",\"url\":\"https:\/\/34.250.150.32\/\",\"logo\":{\"@type\":\"ImageObject\",\"inLanguage\":\"es\",\"@id\":\"https:\/\/34.250.150.32\/#\/schema\/logo\/image\/\",\"url\":\"https:\/\/www.colectivia.com\/blog\/wp-content\/uploads\/2019\/11\/colectivia.jpg\",\"contentUrl\":\"https:\/\/www.colectivia.com\/blog\/wp-content\/uploads\/2019\/11\/colectivia.jpg\",\"width\":250,\"height\":167,\"caption\":\"Colectivia Stories\"},\"image\":{\"@id\":\"https:\/\/34.250.150.32\/#\/schema\/logo\/image\/\"}}]}<\/script>\n<!-- \/ Yoast SEO Premium plugin. -->","yoast_head_json":{"title":"CAMBIOS GRATIS - Colectivia Blog | Parques de atracciones, acu\u00e1ticos, zool\u00f3gicos, acuarios y m\u00e1s","robots":{"index":"index","follow":"follow","max-snippet":"max-snippet:-1","max-image-preview":"max-image-preview:large","max-video-preview":"max-video-preview:-1"},"canonical":"https:\/\/www.colectivia.com\/blog\/cambios-gratis\/","og_locale":"es_ES","og_type":"article","og_title":"CAMBIOS GRATIS","og_description":"Si te regalan una experiencia que no te gusta, hacer un cambio en Colectivia es muy f\u00e1cil. Siempre y cuando no hayas hecho la reserva para realizar la actividad, puedes solicitar el cambio y se te reembolsar\u00e1 el importe de tu cup\u00f3n en forma de Puntos Colectivia. Podr\u00e1s utilizar estos puntos a la hora de [&hellip;]","og_url":"https:\/\/www.colectivia.com\/blog\/cambios-gratis\/","og_site_name":"Colectivia Blog | Parques de atracciones, acu\u00e1ticos, zool\u00f3gicos, acuarios y m\u00e1s","article_modified_time":"2020-09-22T13:14:32+00:00","twitter_card":"summary_large_image","twitter_misc":{"Tiempo de lectura":"1 minuto"},"schema":{"@context":"https:\/\/schema.org","@graph":[{"@type":"WebPage","@id":"https:\/\/www.colectivia.com\/blog\/cambios-gratis\/","url":"https:\/\/www.colectivia.com\/blog\/cambios-gratis\/","name":"CAMBIOS GRATIS - Colectivia Blog | Parques de atracciones, acu\u00e1ticos, zool\u00f3gicos, acuarios y m\u00e1s","isPartOf":{"@id":"https:\/\/34.250.150.32\/#website"},"datePublished":"2020-09-21T14:07:30+00:00","dateModified":"2020-09-22T13:14:32+00:00","breadcrumb":{"@id":"https:\/\/www.colectivia.com\/blog\/cambios-gratis\/#breadcrumb"},"inLanguage":"es","potentialAction":[{"@type":"ReadAction","target":["https:\/\/www.colectivia.com\/blog\/cambios-gratis\/"]}]},{"@type":"BreadcrumbList","@id":"https:\/\/www.colectivia.com\/blog\/cambios-gratis\/#breadcrumb","itemListElement":[{"@type":"ListItem","position":1,"name":"Portada","item":"https:\/\/34.250.150.32\/"},{"@type":"ListItem","position":2,"name":"CAMBIOS GRATIS"}]},{"@type":"WebSite","@id":"https:\/\/34.250.150.32\/#website","url":"https:\/\/34.250.150.32\/","name":"Colectivia Blog | Parques de atracciones, acu\u00e1ticos, zool\u00f3gicos, acuarios y m\u00e1s","description":"Recomendaciones sobre actividades de ocio, gastronom\u00eda, viajes y todo lo que te gusta en tu ciudad.","publisher":{"@id":"https:\/\/34.250.150.32\/#organization"},"potentialAction":[{"@type":"SearchAction","target":{"@type":"EntryPoint","urlTemplate":"https:\/\/34.250.150.32\/?s={search_term_string}"},"query-input":"required name=search_term_string"}],"inLanguage":"es"},{"@type":"Organization","@id":"https:\/\/34.250.150.32\/#organization","name":"Colectivia Stories","url":"https:\/\/34.250.150.32\/","logo":{"@type":"ImageObject","inLanguage":"es","@id":"https:\/\/34.250.150.32\/#\/schema\/logo\/image\/","url":"https:\/\/www.colectivia.com\/blog\/wp-content\/uploads\/2019\/11\/colectivia.jpg","contentUrl":"https:\/\/www.colectivia.com\/blog\/wp-content\/uploads\/2019\/11\/colectivia.jpg","width":250,"height":167,"caption":"Colectivia Stories"},"image":{"@id":"https:\/\/34.250.150.32\/#\/schema\/logo\/image\/"}}]}},"_links":{"self":[{"href":"https:\/\/www.colectivia.com\/blog\/wp-json\/wp\/v2\/pages\/5539"}],"collection":[{"href":"https:\/\/www.colectivia.com\/blog\/wp-json\/wp\/v2\/pages"}],"about":[{"href":"https:\/\/www.colectivia.com\/blog\/wp-json\/wp\/v2\/types\/page"}],"author":[{"embeddable":true,"href":"https:\/\/www.colectivia.com\/blog\/wp-json\/wp\/v2\/users\/1"}],"replies":[{"embeddable":true,"href":"https:\/\/www.colectivia.com\/blog\/wp-json\/wp\/v2\/comments?post=5539"}],"version-history":[{"count":4,"href":"https:\/\/www.colectivia.com\/blog\/wp-json\/wp\/v2\/pages\/5539\/revisions"}],"predecessor-version":[{"id":5566,"href":"https:\/\/www.colectivia.com\/blog\/wp-json\/wp\/v2\/pages\/5539\/revisions\/5566"}],"wp:attachment":[{"href":"https:\/\/www.colectivia.com\/blog\/wp-json\/wp\/v2\/media?parent=5539"}],"curies":[{"name":"wp","href":"https:\/\/api.w.org\/{rel}","templated":true}]}}