{"id":5537,"date":"2020-09-21T15:05:48","date_gmt":"2020-09-21T14:05:48","guid":{"rendered":"http:\/\/34.250.150.32\/?page_id=5537"},"modified":"2020-09-21T15:12:05","modified_gmt":"2020-09-21T14:12:05","slug":"fecha-abierta","status":"publish","type":"page","link":"https:\/\/www.colectivia.com\/blog\/fecha-abierta\/","title":{"rendered":"FECHA ABIERTA"},"content":{"rendered":"\n<p>Una de las cosas que m\u00e1s gustan a nuestros usuarios sobre las Experiencias Colectivia es que pueden <strong>elegir la fecha en la que prefieren realizar la actividad<\/strong> que le han regalado.<\/p>\n\n\n\n<p>Tanto si eres el homenajeado como si eres la persona que quiere hacer un buen regalo, sin duda es una tranquilidad saber que las fechas de nuestros cupones son abiertas y que pueden usarse cuando t\u00fa quieras, aunque deber\u00e1s contactar previamente con el centro para ver si tienen disponibilidad y hacer la reserva. Recuerda que nuestros cupones siempre est\u00e1n <strong>sujetos a la disponibilidad del centro<\/strong>.<\/p>\n\n\n\n<p>A pesar de ello, los cupones de Experiencias Colectivia<strong> tienen unas fechas muy amplias <\/strong>(alrededor de un a\u00f1o) por lo que seguro que puedes acordar con comodidad una fecha que os venga bien a todos para realizar tu emocionante actividad.<\/p>\n\n\n\n<p>Para hacer tu reserva, <strong>sigue las instrucciones que aparecen en tu cup\u00f3n<\/strong>. En la mayor\u00eda de los casos tan solo tendr\u00e1s que <strong>llamarles y facilitarles el cup\u00f3n de Colectivia<\/strong> que habr\u00e1s recibido por correo electr\u00f3nico (recuerda que tambi\u00e9n puedes descarg\u00e1rtelo desde la<strong> secci\u00f3n \u201cMis compras\u201d<\/strong> de tu cuenta de Colectivia. En algunos casos, la empresa organizadora puede pedirte otros datos (nombre, edad, tel\u00e9fono\u2026) para completar la reserva. <\/p>\n\n\n\n<p>Cada d\u00eda a\u00f1adimos nuevos cupones a nuestra web, no dudes en visitarla en el siguiente enlace: <a href=\"https:\/\/www.colectivia.com\/regalos\">https:\/\/www.colectivia.com\/regalos<\/a><\/p>\n\n\n\n<p><\/p>\n","protected":false},"excerpt":{"rendered":"<p>Una de las cosas que m\u00e1s gustan a nuestros usuarios sobre las Experiencias Colectivia es que pueden elegir la fecha en la que prefieren realizar la actividad que le han regalado. Tanto si eres el homenajeado como si eres la persona que quiere hacer un buen regalo, sin duda es una tranquilidad saber que las [&hellip;]<\/p>\n","protected":false},"author":1,"featured_media":0,"parent":0,"menu_order":0,"comment_status":"closed","ping_status":"closed","template":"","meta":[],"yoast_head":"<!-- This site is optimized with the Yoast SEO Premium plugin v19.0 (Yoast SEO v19.14) - https:\/\/yoast.com\/wordpress\/plugins\/seo\/ -->\n<title>FECHA ABIERTA - Colectivia Blog | Parques de atracciones, acu\u00e1ticos, zool\u00f3gicos, acuarios y m\u00e1s<\/title>\n<meta name=\"robots\" content=\"index, follow, max-snippet:-1, max-image-preview:large, max-video-preview:-1\" \/>\n<link rel=\"canonical\" href=\"https:\/\/www.colectivia.com\/blog\/fecha-abierta\/\" \/>\n<meta property=\"og:locale\" content=\"es_ES\" \/>\n<meta property=\"og:type\" content=\"article\" \/>\n<meta property=\"og:title\" content=\"FECHA ABIERTA\" \/>\n<meta property=\"og:description\" content=\"Una de las cosas que m\u00e1s gustan a nuestros usuarios sobre las Experiencias Colectivia es que pueden elegir la fecha en la que prefieren realizar la actividad que le han regalado. Tanto si eres el homenajeado como si eres la persona que quiere hacer un buen regalo, sin duda es una tranquilidad saber que las [&hellip;]\" \/>\n<meta property=\"og:url\" content=\"https:\/\/www.colectivia.com\/blog\/fecha-abierta\/\" \/>\n<meta property=\"og:site_name\" content=\"Colectivia Blog | Parques de atracciones, acu\u00e1ticos, zool\u00f3gicos, acuarios y m\u00e1s\" \/>\n<meta property=\"article:modified_time\" content=\"2020-09-21T14:12:05+00:00\" \/>\n<meta name=\"twitter:card\" content=\"summary_large_image\" \/>\n<meta name=\"twitter:label1\" content=\"Tiempo de lectura\" \/>\n\t<meta name=\"twitter:data1\" content=\"1 minuto\" \/>\n<script type=\"application\/ld+json\" class=\"yoast-schema-graph\">{\"@context\":\"https:\/\/schema.org\",\"@graph\":[{\"@type\":\"WebPage\",\"@id\":\"https:\/\/www.colectivia.com\/blog\/fecha-abierta\/\",\"url\":\"https:\/\/www.colectivia.com\/blog\/fecha-abierta\/\",\"name\":\"FECHA ABIERTA - Colectivia Blog | Parques de atracciones, acu\u00e1ticos, zool\u00f3gicos, acuarios y m\u00e1s\",\"isPartOf\":{\"@id\":\"http:\/\/34.250.150.32:80\/#website\"},\"datePublished\":\"2020-09-21T14:05:48+00:00\",\"dateModified\":\"2020-09-21T14:12:05+00:00\",\"breadcrumb\":{\"@id\":\"https:\/\/www.colectivia.com\/blog\/fecha-abierta\/#breadcrumb\"},\"inLanguage\":\"es\",\"potentialAction\":[{\"@type\":\"ReadAction\",\"target\":[\"https:\/\/www.colectivia.com\/blog\/fecha-abierta\/\"]}]},{\"@type\":\"BreadcrumbList\",\"@id\":\"https:\/\/www.colectivia.com\/blog\/fecha-abierta\/#breadcrumb\",\"itemListElement\":[{\"@type\":\"ListItem\",\"position\":1,\"name\":\"Portada\",\"item\":\"http:\/\/34.250.150.32:80\/\"},{\"@type\":\"ListItem\",\"position\":2,\"name\":\"FECHA ABIERTA\"}]},{\"@type\":\"WebSite\",\"@id\":\"http:\/\/34.250.150.32:80\/#website\",\"url\":\"http:\/\/34.250.150.32:80\/\",\"name\":\"Colectivia Blog | Parques de atracciones, acu\u00e1ticos, zool\u00f3gicos, acuarios y m\u00e1s\",\"description\":\"Recomendaciones sobre actividades de ocio, gastronom\u00eda, viajes y todo lo que te gusta en tu ciudad.\",\"publisher\":{\"@id\":\"http:\/\/34.250.150.32:80\/#organization\"},\"potentialAction\":[{\"@type\":\"SearchAction\",\"target\":{\"@type\":\"EntryPoint\",\"urlTemplate\":\"http:\/\/34.250.150.32:80\/?s={search_term_string}\"},\"query-input\":\"required name=search_term_string\"}],\"inLanguage\":\"es\"},{\"@type\":\"Organization\",\"@id\":\"http:\/\/34.250.150.32:80\/#organization\",\"name\":\"Colectivia Stories\",\"url\":\"http:\/\/34.250.150.32:80\/\",\"logo\":{\"@type\":\"ImageObject\",\"inLanguage\":\"es\",\"@id\":\"http:\/\/34.250.150.32:80\/#\/schema\/logo\/image\/\",\"url\":\"https:\/\/www.colectivia.com\/blog\/wp-content\/uploads\/2019\/11\/colectivia.jpg\",\"contentUrl\":\"https:\/\/www.colectivia.com\/blog\/wp-content\/uploads\/2019\/11\/colectivia.jpg\",\"width\":250,\"height\":167,\"caption\":\"Colectivia Stories\"},\"image\":{\"@id\":\"http:\/\/34.250.150.32:80\/#\/schema\/logo\/image\/\"}}]}<\/script>\n<!-- \/ Yoast SEO Premium plugin. -->","yoast_head_json":{"title":"FECHA ABIERTA - Colectivia Blog | Parques de atracciones, acu\u00e1ticos, zool\u00f3gicos, acuarios y m\u00e1s","robots":{"index":"index","follow":"follow","max-snippet":"max-snippet:-1","max-image-preview":"max-image-preview:large","max-video-preview":"max-video-preview:-1"},"canonical":"https:\/\/www.colectivia.com\/blog\/fecha-abierta\/","og_locale":"es_ES","og_type":"article","og_title":"FECHA ABIERTA","og_description":"Una de las cosas que m\u00e1s gustan a nuestros usuarios sobre las Experiencias Colectivia es que pueden elegir la fecha en la que prefieren realizar la actividad que le han regalado. Tanto si eres el homenajeado como si eres la persona que quiere hacer un buen regalo, sin duda es una tranquilidad saber que las [&hellip;]","og_url":"https:\/\/www.colectivia.com\/blog\/fecha-abierta\/","og_site_name":"Colectivia Blog | Parques de atracciones, acu\u00e1ticos, zool\u00f3gicos, acuarios y m\u00e1s","article_modified_time":"2020-09-21T14:12:05+00:00","twitter_card":"summary_large_image","twitter_misc":{"Tiempo de lectura":"1 minuto"},"schema":{"@context":"https:\/\/schema.org","@graph":[{"@type":"WebPage","@id":"https:\/\/www.colectivia.com\/blog\/fecha-abierta\/","url":"https:\/\/www.colectivia.com\/blog\/fecha-abierta\/","name":"FECHA ABIERTA - Colectivia Blog | Parques de atracciones, acu\u00e1ticos, zool\u00f3gicos, acuarios y m\u00e1s","isPartOf":{"@id":"http:\/\/34.250.150.32:80\/#website"},"datePublished":"2020-09-21T14:05:48+00:00","dateModified":"2020-09-21T14:12:05+00:00","breadcrumb":{"@id":"https:\/\/www.colectivia.com\/blog\/fecha-abierta\/#breadcrumb"},"inLanguage":"es","potentialAction":[{"@type":"ReadAction","target":["https:\/\/www.colectivia.com\/blog\/fecha-abierta\/"]}]},{"@type":"BreadcrumbList","@id":"https:\/\/www.colectivia.com\/blog\/fecha-abierta\/#breadcrumb","itemListElement":[{"@type":"ListItem","position":1,"name":"Portada","item":"http:\/\/34.250.150.32:80\/"},{"@type":"ListItem","position":2,"name":"FECHA ABIERTA"}]},{"@type":"WebSite","@id":"http:\/\/34.250.150.32:80\/#website","url":"http:\/\/34.250.150.32:80\/","name":"Colectivia Blog | Parques de atracciones, acu\u00e1ticos, zool\u00f3gicos, acuarios y m\u00e1s","description":"Recomendaciones sobre actividades de ocio, gastronom\u00eda, viajes y todo lo que te gusta en tu ciudad.","publisher":{"@id":"http:\/\/34.250.150.32:80\/#organization"},"potentialAction":[{"@type":"SearchAction","target":{"@type":"EntryPoint","urlTemplate":"http:\/\/34.250.150.32:80\/?s={search_term_string}"},"query-input":"required name=search_term_string"}],"inLanguage":"es"},{"@type":"Organization","@id":"http:\/\/34.250.150.32:80\/#organization","name":"Colectivia Stories","url":"http:\/\/34.250.150.32:80\/","logo":{"@type":"ImageObject","inLanguage":"es","@id":"http:\/\/34.250.150.32:80\/#\/schema\/logo\/image\/","url":"https:\/\/www.colectivia.com\/blog\/wp-content\/uploads\/2019\/11\/colectivia.jpg","contentUrl":"https:\/\/www.colectivia.com\/blog\/wp-content\/uploads\/2019\/11\/colectivia.jpg","width":250,"height":167,"caption":"Colectivia Stories"},"image":{"@id":"http:\/\/34.250.150.32:80\/#\/schema\/logo\/image\/"}}]}},"_links":{"self":[{"href":"https:\/\/www.colectivia.com\/blog\/wp-json\/wp\/v2\/pages\/5537"}],"collection":[{"href":"https:\/\/www.colectivia.com\/blog\/wp-json\/wp\/v2\/pages"}],"about":[{"href":"https:\/\/www.colectivia.com\/blog\/wp-json\/wp\/v2\/types\/page"}],"author":[{"embeddable":true,"href":"https:\/\/www.colectivia.com\/blog\/wp-json\/wp\/v2\/users\/1"}],"replies":[{"embeddable":true,"href":"https:\/\/www.colectivia.com\/blog\/wp-json\/wp\/v2\/comments?post=5537"}],"version-history":[{"count":2,"href":"https:\/\/www.colectivia.com\/blog\/wp-json\/wp\/v2\/pages\/5537\/revisions"}],"predecessor-version":[{"id":5542,"href":"https:\/\/www.colectivia.com\/blog\/wp-json\/wp\/v2\/pages\/5537\/revisions\/5542"}],"wp:attachment":[{"href":"https:\/\/www.colectivia.com\/blog\/wp-json\/wp\/v2\/media?parent=5537"}],"curies":[{"name":"wp","href":"https:\/\/api.w.org\/{rel}","templated":true}]}}