{"id":5370,"date":"2020-07-21T16:30:41","date_gmt":"2020-07-21T15:30:41","guid":{"rendered":"http:\/\/34.250.150.32\/?page_id=5370"},"modified":"2020-09-22T14:38:56","modified_gmt":"2020-09-22T13:38:56","slug":"tipos-de-cupones","status":"publish","type":"page","link":"https:\/\/www.colectivia.com\/blog\/tipos-de-cupones\/","title":{"rendered":"GRAN VARIEDAD DE CUPONES"},"content":{"rendered":"\n<h3><span style=\"text-decoration: underline;\"><strong>Actividades de vuelo<\/strong><\/span><\/h3>\n<h4 style=\"text-align: left;\"><a href=\"https:\/\/www.colectivia.com\/regalos\/paseo-en-globo\"><span style=\"text-decoration: underline; color: #0000ff;\"><strong>Globo<\/strong><\/span><\/a><\/h4>\n<p><img loading=\"lazy\" class=\"alignright\" src=\"https:\/\/cdn.pixabay.com\/photo\/2020\/07\/10\/12\/08\/hot-air-balloon-5390487_960_720.jpg\" alt=\"Globo De Aire Caliente, Globo Cautivo, Unidad, Globo\" width=\"287\" height=\"193\" \/>Volar en globo aerost\u00e1tico es el sue\u00f1o de muchas personas independientemente de su edad, sexo o condici\u00f3n f\u00edsica. Sobrevuela preciosas ciudades en un colorido globo aerost\u00e1tico y descubre todos sus secretos a vista de p\u00e1jaro. Muchas de nuestras ofertas incluyen brindis de altura, para convertir este momento en algo todav\u00eda m\u00e1s especial.<\/p>\n<p>\u00a0<\/p>\n<h4 style=\"text-align: left;\"><a href=\"https:\/\/www.colectivia.com\/regalos\/parapente\"><span style=\"text-decoration: underline; color: #0000ff;\"><strong>Parapente<\/strong><\/span><\/a><\/h4>\n<p>Si siempre has querido sentirte como un p\u00e1jaro, volar en parapente es, sin duda, tu mejor opci\u00f3n. Acompa\u00f1ado por los mejores profesionales, descubrir\u00e1s lo que es la adrenalina cuando planees entre las nubes con tu parapente.<\/p>\n<p><img src=\"https:\/\/cdn.pixabay.com\/photo\/2016\/04\/26\/15\/01\/holiday-1354563_960_720.jpg\" alt=\"Vacaciones, Monta\u00f1as, Paisaje, Panorama, Volador\" \/><\/p>\n<p>\u00a0<\/p>\n<h4 style=\"text-align: left;\"><a href=\"https:\/\/www.colectivia.com\/regalos\/paseo-en-helicoptero\"><span style=\"text-decoration: underline; color: #0000ff;\"><strong>Helic\u00f3ptero<img loading=\"lazy\" class=\"alignright\" src=\"https:\/\/cdn.pixabay.com\/photo\/2015\/10\/12\/14\/55\/helicopter-983979_960_720.jpg\" alt=\"Helic\u00f3ptero, Cabina, Piloto, Tablero De Instrumentos\" width=\"294\" height=\"196\" \/><\/strong><\/span><\/a><\/h4>\n<p>Nuestra actividad m\u00e1s exclusiva: Vuela en helic\u00f3ptero o incluso pilota uno en ciudades como Madrid y Barcelona. Una experiencia \u00fanica en la vida que te permitir\u00e1 sentirte como todo un magnate de pel\u00edcula.<\/p>\n<p>\u00a0<\/p>\n<h4 style=\"text-align: left;\"><a href=\"https:\/\/www.colectivia.com\/regalos\/vuelo-avioneta\"><span style=\"text-decoration: underline; color: #0000ff;\"><strong>Avioneta<\/strong><\/span><\/a><\/h4>\n<p>Los vuelos en avioneta son de las actividades m\u00e1s solicitadas por nuestros clientes. Se realizan en casi todas las comunidades aut\u00f3nomas y te permiten observar todo desde el aire, c\u00f3modamente sentado en una avioneta y con un piloto experto que se encargar\u00e1 de evitar accidentes.<\/p>\n<p><img loading=\"lazy\" class=\"aligncenter\" src=\"https:\/\/cdn.pixabay.com\/photo\/2020\/06\/10\/17\/35\/airport-5283610_960_720.jpg\" alt=\"Aeropuerto, Avioneta, Avi\u00f3n Del Deporte, Aeronaves\" width=\"407\" height=\"229\" \/><\/p>\n<h3><span style=\"text-decoration: underline;\"><strong>Deportes de motor<\/strong><\/span><\/h3>\n<h4 style=\"text-align: left;\"><a href=\"https:\/\/www.colectivia.com\/regalos\/conducir-un-ferrari\"><span style=\"text-decoration: underline; color: #0000ff;\"><strong>Ferrari<\/strong><\/span><\/a><\/h4>\n<p>Si siempre has querido saber qu\u00e9 se siente conduciendo un coche deportivo de lujo como un Ferrari, esta es tu oportunidad. Colectivia te ofrece descuentos incre\u00edbles para conducir un coche Ferrari tanto en circuito como en carretera en Madrid, Catalu\u00f1a, Pa\u00eds Vasco, Castilla y Le\u00f3n\u2026<\/p>\n<p><img loading=\"lazy\" class=\"aligncenter\" src=\"https:\/\/cdn.pixabay.com\/photo\/2017\/11\/09\/01\/49\/ferrari-458-spider-2932191_960_720.jpg\" alt=\"Ferrari 458 Spider, Ferrari 458, Supercar, Ferrari\" width=\"305\" height=\"209\" \/><\/p>\n<p>Ofrecemos precios muy bajos y por eso la actividad de Ferrari es un Top Ventas de Colectivia. Pon tu Ferrari de 0 a 100 en pocos segundos y siente la emoci\u00f3n de la velocidad en la conducci\u00f3n deportiva.<\/p>\n<p>\u00a0<\/p>\n<h4 style=\"text-align: left;\"><a href=\"https:\/\/www.colectivia.com\/regalos\/cursos-de-conduccion\"><span style=\"text-decoration: underline; color: #0000ff;\"><strong>Curso de conducci\u00f3n<img loading=\"lazy\" class=\"alignright\" src=\"https:\/\/d3mtt5j7zsc7c8.cloudfront.net\/deal_images\/e9a\/45d\/d48\/fa1\/77f\/51c\/327244\/flat_standard\/2ride-6.jpg?1582627619\" width=\"281\" height=\"187\" \/><\/strong><\/span><\/a><\/h4>\n<p>Si quieres aprender todos los secretos de la conducci\u00f3n extrema o deportiva en Colectivia te lo ponemos muy f\u00e1cil con nuestros cursos de conducci\u00f3n. Aprende a conducir motos y coches de carreras con garant\u00edas de seguridad.<\/p>\n<p>\u00a0<\/p>\n<h3><span style=\"text-decoration: underline;\"><strong>Escapadas<\/strong><\/span><\/h3>\n<h4 style=\"text-align: left;\"><span style=\"color: #0000ff;\"><span style=\"text-decoration: underline;\"><strong><img loading=\"lazy\" class=\"alignleft\" src=\"https:\/\/d3mtt5j7zsc7c8.cloudfront.net\/deal_images\/803\/751\/6b6\/311\/7a4\/8d3\/316942\/flat_standard\/aquum5.jpg?1577089742\" width=\"329\" height=\"219\" \/>Escapada con Spa<\/strong><\/span><\/span><\/h4>\n<p>Date un capricho y sal de la rutina por unos d\u00edas. En Colectivia tienes las mejores ofertas para Escapadas con Spa que incluyen noches en coquetos alojamientos con Spa o Balneario. \u00a1Un lujo para que recargues las pilas!<\/p>\n<p>\u00a0<\/p>\n<p>\u00a0<\/p>\n<h4 style=\"text-align: left;\"><span style=\"text-decoration: underline; color: #0000ff;\"><strong>Escapada gastron\u00f3mica<img loading=\"lazy\" class=\"alignright\" src=\"https:\/\/cdn.pixabay.com\/photo\/2019\/06\/18\/10\/46\/platting-4282022_960_720.jpg\" alt=\"Revestimiento, La Buena Mesa, Vegan, Estrella Michelin\" width=\"317\" height=\"211\" \/><\/strong><\/span><\/h4>\n<p>Una escapada gastron\u00f3mica significa un regalo para todos tus sentidos. Disfruta de noches en fant\u00e1sticos hoteles y comb\u00ednalo con men\u00fas en los mejores restaurantes de la zona. Una escapada para descansar y comer bien.<\/p>\n<p>\u00a0<\/p>\n<p>\u00a0<\/p>\n<h3><span style=\"text-decoration: underline;\"><strong>Bienestar<\/strong><\/span><\/h3>\n<h4 style=\"text-align: left;\"><a href=\"https:\/\/www.colectivia.com\/regalos\/spa\"><span style=\"text-decoration: underline; color: #0000ff;\"><strong>Spa<\/strong><\/span><\/a><\/h4>\n<p>Si tienes que hacer un regalo y no sabes qu\u00e9 comprar, te proponemos el regalo seguro: Un circuito Spa.<\/p>\n<p><img loading=\"lazy\" class=\"alignleft\" src=\"https:\/\/d3mtt5j7zsc7c8.cloudfront.net\/deal_images\/eb4\/625\/52a\/883\/fcb\/00f\/316943\/flat_standard\/aquum2.jpg?1577089742\" width=\"324\" height=\"216\" \/>Da igual la edad de la persona, su condici\u00f3n f\u00edsica, a todos nos gusta que nos mimen y nos regalen un rato de relax. Un circuito Spa tiene m\u00faltiples beneficios tanto a nivel f\u00edsico como mental: con sus chorros de agua, saunas y piscinas a distintas temperaturas es el entorno perfecto para desconectar, liberar estr\u00e9s y salir como nuevo al mundo.<\/p>\n<p>\u00a0<\/p>\n<h3><span style=\"text-decoration: underline;\"><strong>Deportes<\/strong><\/span><\/h3>\n<h4 style=\"text-align: left;\"><a href=\"https:\/\/www.colectivia.com\/regalos\/puenting\"><span style=\"text-decoration: underline; color: #0000ff;\"><strong>Puenting<\/strong><\/span><\/a><\/h4>\n<p><img loading=\"lazy\" class=\"alignright\" src=\"https:\/\/cdn.pixabay.com\/photo\/2016\/09\/08\/18\/31\/bungee-jump-1655081_960_720.jpg\" alt=\"Salto Bungee, Puente Benni Raich, Puenting, Austria\" width=\"369\" height=\"245\" \/>\u00a1Solo para los amantes de las emociones extremas! Saltar de un puente con una soga atada a los tobillos no es una actividad apta para cualquiera. Eso s\u00ed, quienes se atreven a probarlo no se arrepienten. Una descarga de adrenalina brutal que te har\u00e1 vivir emociones tan intensas que ser\u00e1s incapaz de olvidar.<\/p>\n<p>\u00a0<\/p>\n<h4 style=\"text-align: left;\"><a href=\"https:\/\/www.colectivia.com\/regalos\/paseo-en-barco\"><span style=\"text-decoration: underline; color: #0000ff;\"><strong>Paseo en barco<\/strong><\/span><\/a><\/h4>\n<p><img loading=\"lazy\" class=\"alignright\" src=\"https:\/\/d3mtt5j7zsc7c8.cloudfront.net\/deal_images\/a69\/abc\/30b\/5d5\/c0b\/90a\/309254\/flat_standard\/barco1.jpg?1574175099\" width=\"299\" height=\"199\" \/>Otra actividad inolvidable pero esta vez debido a su belleza y tranquilidad. Da un bonito paseo en barco por alguna de las localidades costeras m\u00e1s bellas de la pen\u00ednsula. Ya sea en un barco privado o compartido con m\u00e1s gente, un paseo en barco es siempre edificante. Ahora tienes la oportunidad de hacer esta actividad cualquier d\u00eda y al mejor precio. Descubrir\u00e1s tu tierra desde una perspectiva diferente y arrullado por la brisa del mar, volver\u00e1s a puerto con una sonrisa pintada en la cara.<\/p>\n","protected":false},"excerpt":{"rendered":"<p>Actividades de vuelo Globo Volar en globo aerost\u00e1tico es el sue\u00f1o de muchas personas independientemente de su edad, sexo o condici\u00f3n f\u00edsica. Sobrevuela preciosas ciudades en un colorido globo aerost\u00e1tico y descubre todos sus secretos a vista de p\u00e1jaro. Muchas de nuestras ofertas incluyen brindis de altura, para convertir este momento en algo todav\u00eda m\u00e1s [&hellip;]<\/p>\n","protected":false},"author":1,"featured_media":0,"parent":0,"menu_order":0,"comment_status":"closed","ping_status":"closed","template":"","meta":[],"yoast_head":"<!-- This site is optimized with the Yoast SEO Premium plugin v19.0 (Yoast SEO v19.14) - https:\/\/yoast.com\/wordpress\/plugins\/seo\/ -->\n<title>GRAN VARIEDAD DE CUPONES - Colectivia Blog | Parques de atracciones, acu\u00e1ticos, zool\u00f3gicos, acuarios y m\u00e1s<\/title>\n<meta name=\"robots\" content=\"noindex, follow\" \/>\n<meta property=\"og:locale\" content=\"es_ES\" \/>\n<meta property=\"og:type\" content=\"article\" \/>\n<meta property=\"og:title\" content=\"GRAN VARIEDAD DE CUPONES\" \/>\n<meta property=\"og:description\" content=\"Actividades de vuelo Globo Volar en globo aerost\u00e1tico es el sue\u00f1o de muchas personas independientemente de su edad, sexo o condici\u00f3n f\u00edsica. Sobrevuela preciosas ciudades en un colorido globo aerost\u00e1tico y descubre todos sus secretos a vista de p\u00e1jaro. Muchas de nuestras ofertas incluyen brindis de altura, para convertir este momento en algo todav\u00eda m\u00e1s [&hellip;]\" \/>\n<meta property=\"og:url\" content=\"https:\/\/www.colectivia.com\/blog\/tipos-de-cupones\/\" \/>\n<meta property=\"og:site_name\" content=\"Colectivia Blog | Parques de atracciones, acu\u00e1ticos, zool\u00f3gicos, acuarios y m\u00e1s\" \/>\n<meta property=\"article:modified_time\" content=\"2020-09-22T13:38:56+00:00\" \/>\n<meta property=\"og:image\" content=\"https:\/\/cdn.pixabay.com\/photo\/2020\/07\/10\/12\/08\/hot-air-balloon-5390487_960_720.jpg\" \/>\n<meta name=\"twitter:card\" content=\"summary_large_image\" \/>\n<meta name=\"twitter:label1\" content=\"Tiempo de lectura\" \/>\n\t<meta name=\"twitter:data1\" content=\"3 minutos\" \/>\n<script type=\"application\/ld+json\" class=\"yoast-schema-graph\">{\"@context\":\"https:\/\/schema.org\",\"@graph\":[{\"@type\":\"WebPage\",\"@id\":\"https:\/\/www.colectivia.com\/blog\/tipos-de-cupones\/\",\"url\":\"https:\/\/www.colectivia.com\/blog\/tipos-de-cupones\/\",\"name\":\"GRAN VARIEDAD DE CUPONES - Colectivia Blog | Parques de atracciones, acu\u00e1ticos, zool\u00f3gicos, acuarios y m\u00e1s\",\"isPartOf\":{\"@id\":\"https:\/\/www.colectivia.com\/blog\/#website\"},\"datePublished\":\"2020-07-21T15:30:41+00:00\",\"dateModified\":\"2020-09-22T13:38:56+00:00\",\"breadcrumb\":{\"@id\":\"https:\/\/www.colectivia.com\/blog\/tipos-de-cupones\/#breadcrumb\"},\"inLanguage\":\"es\",\"potentialAction\":[{\"@type\":\"ReadAction\",\"target\":[\"https:\/\/www.colectivia.com\/blog\/tipos-de-cupones\/\"]}]},{\"@type\":\"BreadcrumbList\",\"@id\":\"https:\/\/www.colectivia.com\/blog\/tipos-de-cupones\/#breadcrumb\",\"itemListElement\":[{\"@type\":\"ListItem\",\"position\":1,\"name\":\"Portada\",\"item\":\"https:\/\/www.colectivia.com\/blog\/\"},{\"@type\":\"ListItem\",\"position\":2,\"name\":\"GRAN VARIEDAD DE CUPONES\"}]},{\"@type\":\"WebSite\",\"@id\":\"https:\/\/www.colectivia.com\/blog\/#website\",\"url\":\"https:\/\/www.colectivia.com\/blog\/\",\"name\":\"Colectivia Blog | Parques de atracciones, acu\u00e1ticos, zool\u00f3gicos, acuarios y m\u00e1s\",\"description\":\"Recomendaciones sobre actividades de ocio, gastronom\u00eda, viajes y todo lo que te gusta en tu ciudad.\",\"publisher\":{\"@id\":\"https:\/\/www.colectivia.com\/blog\/#organization\"},\"potentialAction\":[{\"@type\":\"SearchAction\",\"target\":{\"@type\":\"EntryPoint\",\"urlTemplate\":\"https:\/\/www.colectivia.com\/blog\/?s={search_term_string}\"},\"query-input\":\"required name=search_term_string\"}],\"inLanguage\":\"es\"},{\"@type\":\"Organization\",\"@id\":\"https:\/\/www.colectivia.com\/blog\/#organization\",\"name\":\"Colectivia Stories\",\"url\":\"https:\/\/www.colectivia.com\/blog\/\",\"logo\":{\"@type\":\"ImageObject\",\"inLanguage\":\"es\",\"@id\":\"https:\/\/www.colectivia.com\/blog\/#\/schema\/logo\/image\/\",\"url\":\"https:\/\/www.colectivia.com\/blog\/wp-content\/uploads\/2019\/11\/colectivia.jpg\",\"contentUrl\":\"https:\/\/www.colectivia.com\/blog\/wp-content\/uploads\/2019\/11\/colectivia.jpg\",\"width\":250,\"height\":167,\"caption\":\"Colectivia Stories\"},\"image\":{\"@id\":\"https:\/\/www.colectivia.com\/blog\/#\/schema\/logo\/image\/\"}}]}<\/script>\n<!-- \/ Yoast SEO Premium plugin. -->","yoast_head_json":{"title":"GRAN VARIEDAD DE CUPONES - Colectivia Blog | Parques de atracciones, acu\u00e1ticos, zool\u00f3gicos, acuarios y m\u00e1s","robots":{"index":"noindex","follow":"follow"},"og_locale":"es_ES","og_type":"article","og_title":"GRAN VARIEDAD DE CUPONES","og_description":"Actividades de vuelo Globo Volar en globo aerost\u00e1tico es el sue\u00f1o de muchas personas independientemente de su edad, sexo o condici\u00f3n f\u00edsica. Sobrevuela preciosas ciudades en un colorido globo aerost\u00e1tico y descubre todos sus secretos a vista de p\u00e1jaro. Muchas de nuestras ofertas incluyen brindis de altura, para convertir este momento en algo todav\u00eda m\u00e1s [&hellip;]","og_url":"https:\/\/www.colectivia.com\/blog\/tipos-de-cupones\/","og_site_name":"Colectivia Blog | Parques de atracciones, acu\u00e1ticos, zool\u00f3gicos, acuarios y m\u00e1s","article_modified_time":"2020-09-22T13:38:56+00:00","og_image":[{"url":"https:\/\/cdn.pixabay.com\/photo\/2020\/07\/10\/12\/08\/hot-air-balloon-5390487_960_720.jpg"}],"twitter_card":"summary_large_image","twitter_misc":{"Tiempo de lectura":"3 minutos"},"schema":{"@context":"https:\/\/schema.org","@graph":[{"@type":"WebPage","@id":"https:\/\/www.colectivia.com\/blog\/tipos-de-cupones\/","url":"https:\/\/www.colectivia.com\/blog\/tipos-de-cupones\/","name":"GRAN VARIEDAD DE CUPONES - Colectivia Blog | Parques de atracciones, acu\u00e1ticos, zool\u00f3gicos, acuarios y m\u00e1s","isPartOf":{"@id":"https:\/\/www.colectivia.com\/blog\/#website"},"datePublished":"2020-07-21T15:30:41+00:00","dateModified":"2020-09-22T13:38:56+00:00","breadcrumb":{"@id":"https:\/\/www.colectivia.com\/blog\/tipos-de-cupones\/#breadcrumb"},"inLanguage":"es","potentialAction":[{"@type":"ReadAction","target":["https:\/\/www.colectivia.com\/blog\/tipos-de-cupones\/"]}]},{"@type":"BreadcrumbList","@id":"https:\/\/www.colectivia.com\/blog\/tipos-de-cupones\/#breadcrumb","itemListElement":[{"@type":"ListItem","position":1,"name":"Portada","item":"https:\/\/www.colectivia.com\/blog\/"},{"@type":"ListItem","position":2,"name":"GRAN VARIEDAD DE CUPONES"}]},{"@type":"WebSite","@id":"https:\/\/www.colectivia.com\/blog\/#website","url":"https:\/\/www.colectivia.com\/blog\/","name":"Colectivia Blog | Parques de atracciones, acu\u00e1ticos, zool\u00f3gicos, acuarios y m\u00e1s","description":"Recomendaciones sobre actividades de ocio, gastronom\u00eda, viajes y todo lo que te gusta en tu ciudad.","publisher":{"@id":"https:\/\/www.colectivia.com\/blog\/#organization"},"potentialAction":[{"@type":"SearchAction","target":{"@type":"EntryPoint","urlTemplate":"https:\/\/www.colectivia.com\/blog\/?s={search_term_string}"},"query-input":"required name=search_term_string"}],"inLanguage":"es"},{"@type":"Organization","@id":"https:\/\/www.colectivia.com\/blog\/#organization","name":"Colectivia Stories","url":"https:\/\/www.colectivia.com\/blog\/","logo":{"@type":"ImageObject","inLanguage":"es","@id":"https:\/\/www.colectivia.com\/blog\/#\/schema\/logo\/image\/","url":"https:\/\/www.colectivia.com\/blog\/wp-content\/uploads\/2019\/11\/colectivia.jpg","contentUrl":"https:\/\/www.colectivia.com\/blog\/wp-content\/uploads\/2019\/11\/colectivia.jpg","width":250,"height":167,"caption":"Colectivia Stories"},"image":{"@id":"https:\/\/www.colectivia.com\/blog\/#\/schema\/logo\/image\/"}}]}},"_links":{"self":[{"href":"https:\/\/www.colectivia.com\/blog\/wp-json\/wp\/v2\/pages\/5370"}],"collection":[{"href":"https:\/\/www.colectivia.com\/blog\/wp-json\/wp\/v2\/pages"}],"about":[{"href":"https:\/\/www.colectivia.com\/blog\/wp-json\/wp\/v2\/types\/page"}],"author":[{"embeddable":true,"href":"https:\/\/www.colectivia.com\/blog\/wp-json\/wp\/v2\/users\/1"}],"replies":[{"embeddable":true,"href":"https:\/\/www.colectivia.com\/blog\/wp-json\/wp\/v2\/comments?post=5370"}],"version-history":[{"count":9,"href":"https:\/\/www.colectivia.com\/blog\/wp-json\/wp\/v2\/pages\/5370\/revisions"}],"predecessor-version":[{"id":5567,"href":"https:\/\/www.colectivia.com\/blog\/wp-json\/wp\/v2\/pages\/5370\/revisions\/5567"}],"wp:attachment":[{"href":"https:\/\/www.colectivia.com\/blog\/wp-json\/wp\/v2\/media?parent=5370"}],"curies":[{"name":"wp","href":"https:\/\/api.w.org\/{rel}","templated":true}]}}