{"id":5358,"date":"2020-07-21T16:04:57","date_gmt":"2020-07-21T15:04:57","guid":{"rendered":"http:\/\/34.250.150.32\/?page_id=5358"},"modified":"2020-08-10T14:22:01","modified_gmt":"2020-08-10T13:22:01","slug":"quienes-somos","status":"publish","type":"page","link":"https:\/\/www.colectivia.com\/blog\/quienes-somos\/","title":{"rendered":"\u00bfQUI\u00c9NES SOMOS?"},"content":{"rendered":"\n<h3><strong><u>Regala experiencias con Colectivia<\/u><\/strong><\/h3>\n<p>Colectivia es la mejor opci\u00f3n que tienes para <strong>hacer un regalo original sin gastarte mucho dinero<\/strong>. Nuestra secci\u00f3n \u201cRegala Experiencias\u201d te permite obsequiar a quien t\u00fa quieras, a mi amigo, a un familiar o quiz\u00e1s a un compa\u00f1ero de trabajo con una experiencia que no olvidar\u00e1.<\/p>\n<p>Desde emociones muy fuertes como el <strong>puenting<\/strong> o\u00a0 hacer un <strong>vuelo acrob\u00e1tico<\/strong>, a otras m\u00e1s tranquilas como dar un <strong>paseo en globo<\/strong> o un <strong>circuito Spa<\/strong>. Tambi\u00e9n puedes regalar con Colectivia packs de experiencias combinadas como, por ejemplo, <strong>hotel + escapada Spa<\/strong>, <strong>escapadas gastron\u00f3micas<\/strong>, que incluyen alojamiento y men\u00fa. Para mirar las ofertas que hay activas en este momento y poder comprar alg\u00fan bono regalo puedes visitar esta p\u00e1gina: <span style=\"text-decoration: underline; color: #0000ff;\"><a style=\"color: #0000ff; text-decoration: underline;\" href=\"https:\/\/www.colectivia.com\/regalos\">https:\/\/www.colectivia.com\/regalos<\/a><\/span><\/p>\n<h3><span style=\"text-decoration: underline;\"><strong>Regalos originales para acertar seguro<\/strong><\/span><\/h3>\n<p>Con independencia de la edad o la condici\u00f3n f\u00edsica de la persona a la que quieres sorprender, en Colectivia tenemos algo con lo que acertar\u00e1s seguro. Algunas de nuestras <strong>experiencias m\u00e1s populares<\/strong> son la <strong>conducci\u00f3n de coches Ferrari o Lamborghini, los paseos en barco y los vuelos en avioneta<\/strong> \u00a1pero tenemos mucho m\u00e1s!<\/p>\n<p>En Colectivia trabajamos continuamente para llegar a nuevos acuerdos y renovar nuestra secci\u00f3n de \u201cRegala experiencias\u201d. Por tanto, visita <span style=\"text-decoration: underline; color: #0000ff;\"><strong><a style=\"color: #0000ff; text-decoration: underline;\" href=\"http:\/\/www.colectivia.com\">nuestra web<\/a><\/strong><\/span> a menudo o suscr\u00edbete a nuestra newsletter para enterarte de todas nuestras novedades.<\/p>\n<h3><span style=\"text-decoration: underline;\"><strong>Regala experiencias para dos<\/strong><\/span><\/h3>\n<p>Nuestras actividades de aventura\u00a0 te ofrecen una oportunidad de oro para hacer un<strong> regalo bonito y rom\u00e1ntico<\/strong>, que dejar\u00e1 a tu pareja con la boca abierta. Si ya le has regalado de todo y te has quedado sin ideas \u00bfpor qu\u00e9 no pruebas a regalarle un rato a los mandos de un coche deportivo de lujo? \u00bfo quiz\u00e1s preferir\u00eda pilotar un helic\u00f3ptero?<\/p>\n<p>Las experiencias de Colectivia te permiten quedar muy bien con la persona m\u00e1s especial de tu vida y encima hacerlo en base a tu presupuesto. <strong>Tenemos ofertas dentro de un rango de precios muy amplio<\/strong>, por lo que seguro que encuentras lo que buscas. \u00a1Aprovecha nuestros <strong>descuentos exclusivos<\/strong> para conseguir el mejor precio!<\/p>\n<h3><span style=\"text-decoration: underline;\"><strong>Nuestras ventajas<\/strong><\/span><\/h3>\n<p>Comprar en Colectivia tiene <strong>muchas ventajas<\/strong>:<\/p>\n<ul>\n<li>Tenemos <strong>las<\/strong> <strong>mejores ofertas y los precios m\u00e1s bajos<\/strong> para regalar experiencias.<\/li>\n<li>Trabajamos con <strong>los mejores profesionales del sector<\/strong> para garantizarte que la actividad de aventura cumpla a conciencia con todas las medidas de seguridad y que t\u00fa puedas limitarte a disfrutar de la experiencia.<\/li>\n<li>Nuestros cupones tienes una <strong>validez de 12 meses<\/strong> (salvo que se indique lo contrario). Esto te ofrece mucha <strong>flexibilidad<\/strong> a la hora de hacer la reserva.<\/li>\n<li>Reservar una experiencia contratada en Colectivia es <strong>muy f\u00e1cil<\/strong>. No necesitas activar tu cup\u00f3n de ninguna manera. Simplemente, una vez realizada la compra, contacta con la empresa que organiza la actividad y acuerda con ellos el d\u00eda en el que vas a realizarla. \u00a1F\u00e1cil y flexible para adaptarnos a tus necesidades!<\/li>\n<\/ul>\n<p>\u00a0<\/p>\n","protected":false},"excerpt":{"rendered":"<p>Regala experiencias con Colectivia Colectivia es la mejor opci\u00f3n que tienes para hacer un regalo original sin gastarte mucho dinero. Nuestra secci\u00f3n \u201cRegala Experiencias\u201d te permite obsequiar a quien t\u00fa quieras, a mi amigo, a un familiar o quiz\u00e1s a un compa\u00f1ero de trabajo con una experiencia que no olvidar\u00e1. Desde emociones muy fuertes como [&hellip;]<\/p>\n","protected":false},"author":1,"featured_media":0,"parent":0,"menu_order":0,"comment_status":"closed","ping_status":"closed","template":"","meta":[],"yoast_head":"<!-- This site is optimized with the Yoast SEO Premium plugin v19.0 (Yoast SEO v19.14) - https:\/\/yoast.com\/wordpress\/plugins\/seo\/ -->\n<title>\u00bfQUI\u00c9NES SOMOS? - Colectivia Blog | Parques de atracciones, acu\u00e1ticos, zool\u00f3gicos, acuarios y m\u00e1s<\/title>\n<meta name=\"robots\" content=\"noindex, follow\" \/>\n<meta property=\"og:locale\" content=\"es_ES\" \/>\n<meta property=\"og:type\" content=\"article\" \/>\n<meta property=\"og:title\" content=\"\u00bfQUI\u00c9NES SOMOS?\" \/>\n<meta property=\"og:description\" content=\"Regala experiencias con Colectivia Colectivia es la mejor opci\u00f3n que tienes para hacer un regalo original sin gastarte mucho dinero. Nuestra secci\u00f3n \u201cRegala Experiencias\u201d te permite obsequiar a quien t\u00fa quieras, a mi amigo, a un familiar o quiz\u00e1s a un compa\u00f1ero de trabajo con una experiencia que no olvidar\u00e1. Desde emociones muy fuertes como [&hellip;]\" \/>\n<meta property=\"og:url\" content=\"https:\/\/www.colectivia.com\/blog\/quienes-somos\/\" \/>\n<meta property=\"og:site_name\" content=\"Colectivia Blog | Parques de atracciones, acu\u00e1ticos, zool\u00f3gicos, acuarios y m\u00e1s\" \/>\n<meta property=\"article:modified_time\" content=\"2020-08-10T13:22:01+00:00\" \/>\n<meta name=\"twitter:card\" content=\"summary_large_image\" \/>\n<meta name=\"twitter:label1\" content=\"Tiempo de lectura\" \/>\n\t<meta name=\"twitter:data1\" content=\"2 minutos\" \/>\n<script type=\"application\/ld+json\" class=\"yoast-schema-graph\">{\"@context\":\"https:\/\/schema.org\",\"@graph\":[{\"@type\":\"WebPage\",\"@id\":\"https:\/\/www.colectivia.com\/blog\/quienes-somos\/\",\"url\":\"https:\/\/www.colectivia.com\/blog\/quienes-somos\/\",\"name\":\"\u00bfQUI\u00c9NES SOMOS? - Colectivia Blog | Parques de atracciones, acu\u00e1ticos, zool\u00f3gicos, acuarios y m\u00e1s\",\"isPartOf\":{\"@id\":\"http:\/\/34.250.150.32:80\/#website\"},\"datePublished\":\"2020-07-21T15:04:57+00:00\",\"dateModified\":\"2020-08-10T13:22:01+00:00\",\"breadcrumb\":{\"@id\":\"https:\/\/www.colectivia.com\/blog\/quienes-somos\/#breadcrumb\"},\"inLanguage\":\"es\",\"potentialAction\":[{\"@type\":\"ReadAction\",\"target\":[\"https:\/\/www.colectivia.com\/blog\/quienes-somos\/\"]}]},{\"@type\":\"BreadcrumbList\",\"@id\":\"https:\/\/www.colectivia.com\/blog\/quienes-somos\/#breadcrumb\",\"itemListElement\":[{\"@type\":\"ListItem\",\"position\":1,\"name\":\"Portada\",\"item\":\"http:\/\/34.250.150.32:80\/\"},{\"@type\":\"ListItem\",\"position\":2,\"name\":\"\u00bfQUI\u00c9NES SOMOS?\"}]},{\"@type\":\"WebSite\",\"@id\":\"http:\/\/34.250.150.32:80\/#website\",\"url\":\"http:\/\/34.250.150.32:80\/\",\"name\":\"Colectivia Blog | Parques de atracciones, acu\u00e1ticos, zool\u00f3gicos, acuarios y m\u00e1s\",\"description\":\"Recomendaciones sobre actividades de ocio, gastronom\u00eda, viajes y todo lo que te gusta en tu ciudad.\",\"publisher\":{\"@id\":\"http:\/\/34.250.150.32:80\/#organization\"},\"potentialAction\":[{\"@type\":\"SearchAction\",\"target\":{\"@type\":\"EntryPoint\",\"urlTemplate\":\"http:\/\/34.250.150.32:80\/?s={search_term_string}\"},\"query-input\":\"required name=search_term_string\"}],\"inLanguage\":\"es\"},{\"@type\":\"Organization\",\"@id\":\"http:\/\/34.250.150.32:80\/#organization\",\"name\":\"Colectivia Stories\",\"url\":\"http:\/\/34.250.150.32:80\/\",\"logo\":{\"@type\":\"ImageObject\",\"inLanguage\":\"es\",\"@id\":\"http:\/\/34.250.150.32:80\/#\/schema\/logo\/image\/\",\"url\":\"https:\/\/www.colectivia.com\/blog\/wp-content\/uploads\/2019\/11\/colectivia.jpg\",\"contentUrl\":\"https:\/\/www.colectivia.com\/blog\/wp-content\/uploads\/2019\/11\/colectivia.jpg\",\"width\":250,\"height\":167,\"caption\":\"Colectivia Stories\"},\"image\":{\"@id\":\"http:\/\/34.250.150.32:80\/#\/schema\/logo\/image\/\"}}]}<\/script>\n<!-- \/ Yoast SEO Premium plugin. -->","yoast_head_json":{"title":"\u00bfQUI\u00c9NES SOMOS? - Colectivia Blog | Parques de atracciones, acu\u00e1ticos, zool\u00f3gicos, acuarios y m\u00e1s","robots":{"index":"noindex","follow":"follow"},"og_locale":"es_ES","og_type":"article","og_title":"\u00bfQUI\u00c9NES SOMOS?","og_description":"Regala experiencias con Colectivia Colectivia es la mejor opci\u00f3n que tienes para hacer un regalo original sin gastarte mucho dinero. Nuestra secci\u00f3n \u201cRegala Experiencias\u201d te permite obsequiar a quien t\u00fa quieras, a mi amigo, a un familiar o quiz\u00e1s a un compa\u00f1ero de trabajo con una experiencia que no olvidar\u00e1. Desde emociones muy fuertes como [&hellip;]","og_url":"https:\/\/www.colectivia.com\/blog\/quienes-somos\/","og_site_name":"Colectivia Blog | Parques de atracciones, acu\u00e1ticos, zool\u00f3gicos, acuarios y m\u00e1s","article_modified_time":"2020-08-10T13:22:01+00:00","twitter_card":"summary_large_image","twitter_misc":{"Tiempo de lectura":"2 minutos"},"schema":{"@context":"https:\/\/schema.org","@graph":[{"@type":"WebPage","@id":"https:\/\/www.colectivia.com\/blog\/quienes-somos\/","url":"https:\/\/www.colectivia.com\/blog\/quienes-somos\/","name":"\u00bfQUI\u00c9NES SOMOS? - Colectivia Blog | Parques de atracciones, acu\u00e1ticos, zool\u00f3gicos, acuarios y m\u00e1s","isPartOf":{"@id":"http:\/\/34.250.150.32:80\/#website"},"datePublished":"2020-07-21T15:04:57+00:00","dateModified":"2020-08-10T13:22:01+00:00","breadcrumb":{"@id":"https:\/\/www.colectivia.com\/blog\/quienes-somos\/#breadcrumb"},"inLanguage":"es","potentialAction":[{"@type":"ReadAction","target":["https:\/\/www.colectivia.com\/blog\/quienes-somos\/"]}]},{"@type":"BreadcrumbList","@id":"https:\/\/www.colectivia.com\/blog\/quienes-somos\/#breadcrumb","itemListElement":[{"@type":"ListItem","position":1,"name":"Portada","item":"http:\/\/34.250.150.32:80\/"},{"@type":"ListItem","position":2,"name":"\u00bfQUI\u00c9NES SOMOS?"}]},{"@type":"WebSite","@id":"http:\/\/34.250.150.32:80\/#website","url":"http:\/\/34.250.150.32:80\/","name":"Colectivia Blog | Parques de atracciones, acu\u00e1ticos, zool\u00f3gicos, acuarios y m\u00e1s","description":"Recomendaciones sobre actividades de ocio, gastronom\u00eda, viajes y todo lo que te gusta en tu ciudad.","publisher":{"@id":"http:\/\/34.250.150.32:80\/#organization"},"potentialAction":[{"@type":"SearchAction","target":{"@type":"EntryPoint","urlTemplate":"http:\/\/34.250.150.32:80\/?s={search_term_string}"},"query-input":"required name=search_term_string"}],"inLanguage":"es"},{"@type":"Organization","@id":"http:\/\/34.250.150.32:80\/#organization","name":"Colectivia Stories","url":"http:\/\/34.250.150.32:80\/","logo":{"@type":"ImageObject","inLanguage":"es","@id":"http:\/\/34.250.150.32:80\/#\/schema\/logo\/image\/","url":"https:\/\/www.colectivia.com\/blog\/wp-content\/uploads\/2019\/11\/colectivia.jpg","contentUrl":"https:\/\/www.colectivia.com\/blog\/wp-content\/uploads\/2019\/11\/colectivia.jpg","width":250,"height":167,"caption":"Colectivia Stories"},"image":{"@id":"http:\/\/34.250.150.32:80\/#\/schema\/logo\/image\/"}}]}},"_links":{"self":[{"href":"https:\/\/www.colectivia.com\/blog\/wp-json\/wp\/v2\/pages\/5358"}],"collection":[{"href":"https:\/\/www.colectivia.com\/blog\/wp-json\/wp\/v2\/pages"}],"about":[{"href":"https:\/\/www.colectivia.com\/blog\/wp-json\/wp\/v2\/types\/page"}],"author":[{"embeddable":true,"href":"https:\/\/www.colectivia.com\/blog\/wp-json\/wp\/v2\/users\/1"}],"replies":[{"embeddable":true,"href":"https:\/\/www.colectivia.com\/blog\/wp-json\/wp\/v2\/comments?post=5358"}],"version-history":[{"count":3,"href":"https:\/\/www.colectivia.com\/blog\/wp-json\/wp\/v2\/pages\/5358\/revisions"}],"predecessor-version":[{"id":5380,"href":"https:\/\/www.colectivia.com\/blog\/wp-json\/wp\/v2\/pages\/5358\/revisions\/5380"}],"wp:attachment":[{"href":"https:\/\/www.colectivia.com\/blog\/wp-json\/wp\/v2\/media?parent=5358"}],"curies":[{"name":"wp","href":"https:\/\/api.w.org\/{rel}","templated":true}]}}