{"id":5335,"date":"2020-07-21T15:36:36","date_gmt":"2020-07-21T14:36:36","guid":{"rendered":"http:\/\/34.250.150.32\/?page_id=5335"},"modified":"2020-09-21T15:56:58","modified_gmt":"2020-09-21T14:56:58","slug":"validez-ilimitada","status":"publish","type":"page","link":"https:\/\/www.colectivia.com\/blog\/validez-ilimitada\/","title":{"rendered":"VALIDEZ ILIMITADA"},"content":{"rendered":"\n<p><span style=\"font-size: inherit;\">A menos que en el cup\u00f3n o en las condiciones de la oferta te aparezca otra <\/span><span style=\"font-size: inherit;\">cosa, los cupones \u201cRegala Experiencias\u201d de Colectivia tienen una <strong>validez de 12 meses<\/strong>. En cualquier caso, siempre podr\u00e1s consultar la caducidad de tu cup\u00f3n en el mismo, as\u00ed como en tu cuenta de Colectivia.<\/span><\/p>\n<p>A pesar de ello, si no consumes tu cup\u00f3n antes de la fecha de validez puedes contactar con nuestro servicio de Atenci\u00f3n al Cliente a trav\u00e9s del correo electr\u00f3nico info@colectivia.com o en el tel\u00e9fono 946 523 815 y <strong>solicitar la devoluci\u00f3n en puntos<\/strong> del cup\u00f3n.<\/p>\n<p>As\u00ed,<strong> se asignar\u00e1n a tu cuenta de Colectivia el n\u00famero de puntos correspondiente al importe de tu cup\u00f3n<\/strong> y podr\u00e1s usarlos cuando quieras. Estos Puntos Colectivia tienen validez ilimitada (no caducan nunca) y no tienen restricciones; puedes utilizarlos todos a la vez o en diferentes compras. Adem\u00e1s, <strong>puedes utilizarlos para comprar cualquier cosa de nuestra web<\/strong>: productos, viajes, men\u00fas en restaurantes, tratamientos de est\u00e9tica, entradas de cine&#8230; \u00a1Lo que quieras!<\/p>\n<p>Disfruta de un regalo con validez ilimitada y que puedes cambiar por todo tipo de experiencias fascinantes. \u00a1Solo en Colectivia!<\/p>\n","protected":false},"excerpt":{"rendered":"<p>A menos que en el cup\u00f3n o en las condiciones de la oferta te aparezca otra cosa, los cupones \u201cRegala Experiencias\u201d de Colectivia tienen una validez de 12 meses. En cualquier caso, siempre podr\u00e1s consultar la caducidad de tu cup\u00f3n en el mismo, as\u00ed como en tu cuenta de Colectivia. A pesar de ello, si [&hellip;]<\/p>\n","protected":false},"author":1,"featured_media":0,"parent":0,"menu_order":0,"comment_status":"closed","ping_status":"closed","template":"","meta":[],"yoast_head":"<!-- This site is optimized with the Yoast SEO Premium plugin v19.0 (Yoast SEO v19.14) - https:\/\/yoast.com\/wordpress\/plugins\/seo\/ -->\n<title>VALIDEZ ILIMITADA - Colectivia Blog | Parques de atracciones, acu\u00e1ticos, zool\u00f3gicos, acuarios y m\u00e1s<\/title>\n<meta name=\"robots\" content=\"noindex, follow\" \/>\n<meta property=\"og:locale\" content=\"es_ES\" \/>\n<meta property=\"og:type\" content=\"article\" \/>\n<meta property=\"og:title\" content=\"VALIDEZ ILIMITADA\" \/>\n<meta property=\"og:description\" content=\"A menos que en el cup\u00f3n o en las condiciones de la oferta te aparezca otra cosa, los cupones \u201cRegala Experiencias\u201d de Colectivia tienen una validez de 12 meses. En cualquier caso, siempre podr\u00e1s consultar la caducidad de tu cup\u00f3n en el mismo, as\u00ed como en tu cuenta de Colectivia. A pesar de ello, si [&hellip;]\" \/>\n<meta property=\"og:url\" content=\"https:\/\/www.colectivia.com\/blog\/validez-ilimitada\/\" \/>\n<meta property=\"og:site_name\" content=\"Colectivia Blog | Parques de atracciones, acu\u00e1ticos, zool\u00f3gicos, acuarios y m\u00e1s\" \/>\n<meta property=\"article:modified_time\" content=\"2020-09-21T14:56:58+00:00\" \/>\n<meta name=\"twitter:card\" content=\"summary_large_image\" \/>\n<meta name=\"twitter:label1\" content=\"Tiempo de lectura\" \/>\n\t<meta name=\"twitter:data1\" content=\"1 minuto\" \/>\n<script type=\"application\/ld+json\" class=\"yoast-schema-graph\">{\"@context\":\"https:\/\/schema.org\",\"@graph\":[{\"@type\":\"WebPage\",\"@id\":\"https:\/\/www.colectivia.com\/blog\/validez-ilimitada\/\",\"url\":\"https:\/\/www.colectivia.com\/blog\/validez-ilimitada\/\",\"name\":\"VALIDEZ ILIMITADA - Colectivia Blog | Parques de atracciones, acu\u00e1ticos, zool\u00f3gicos, acuarios y m\u00e1s\",\"isPartOf\":{\"@id\":\"http:\/\/34.250.150.32:80\/#website\"},\"datePublished\":\"2020-07-21T14:36:36+00:00\",\"dateModified\":\"2020-09-21T14:56:58+00:00\",\"breadcrumb\":{\"@id\":\"https:\/\/www.colectivia.com\/blog\/validez-ilimitada\/#breadcrumb\"},\"inLanguage\":\"es\",\"potentialAction\":[{\"@type\":\"ReadAction\",\"target\":[\"https:\/\/www.colectivia.com\/blog\/validez-ilimitada\/\"]}]},{\"@type\":\"BreadcrumbList\",\"@id\":\"https:\/\/www.colectivia.com\/blog\/validez-ilimitada\/#breadcrumb\",\"itemListElement\":[{\"@type\":\"ListItem\",\"position\":1,\"name\":\"Portada\",\"item\":\"http:\/\/34.250.150.32:80\/\"},{\"@type\":\"ListItem\",\"position\":2,\"name\":\"VALIDEZ ILIMITADA\"}]},{\"@type\":\"WebSite\",\"@id\":\"http:\/\/34.250.150.32:80\/#website\",\"url\":\"http:\/\/34.250.150.32:80\/\",\"name\":\"Colectivia Blog | Parques de atracciones, acu\u00e1ticos, zool\u00f3gicos, acuarios y m\u00e1s\",\"description\":\"Recomendaciones sobre actividades de ocio, gastronom\u00eda, viajes y todo lo que te gusta en tu ciudad.\",\"publisher\":{\"@id\":\"http:\/\/34.250.150.32:80\/#organization\"},\"potentialAction\":[{\"@type\":\"SearchAction\",\"target\":{\"@type\":\"EntryPoint\",\"urlTemplate\":\"http:\/\/34.250.150.32:80\/?s={search_term_string}\"},\"query-input\":\"required name=search_term_string\"}],\"inLanguage\":\"es\"},{\"@type\":\"Organization\",\"@id\":\"http:\/\/34.250.150.32:80\/#organization\",\"name\":\"Colectivia Stories\",\"url\":\"http:\/\/34.250.150.32:80\/\",\"logo\":{\"@type\":\"ImageObject\",\"inLanguage\":\"es\",\"@id\":\"http:\/\/34.250.150.32:80\/#\/schema\/logo\/image\/\",\"url\":\"https:\/\/www.colectivia.com\/blog\/wp-content\/uploads\/2019\/11\/colectivia.jpg\",\"contentUrl\":\"https:\/\/www.colectivia.com\/blog\/wp-content\/uploads\/2019\/11\/colectivia.jpg\",\"width\":250,\"height\":167,\"caption\":\"Colectivia Stories\"},\"image\":{\"@id\":\"http:\/\/34.250.150.32:80\/#\/schema\/logo\/image\/\"}}]}<\/script>\n<!-- \/ Yoast SEO Premium plugin. -->","yoast_head_json":{"title":"VALIDEZ ILIMITADA - Colectivia Blog | Parques de atracciones, acu\u00e1ticos, zool\u00f3gicos, acuarios y m\u00e1s","robots":{"index":"noindex","follow":"follow"},"og_locale":"es_ES","og_type":"article","og_title":"VALIDEZ ILIMITADA","og_description":"A menos que en el cup\u00f3n o en las condiciones de la oferta te aparezca otra cosa, los cupones \u201cRegala Experiencias\u201d de Colectivia tienen una validez de 12 meses. En cualquier caso, siempre podr\u00e1s consultar la caducidad de tu cup\u00f3n en el mismo, as\u00ed como en tu cuenta de Colectivia. A pesar de ello, si [&hellip;]","og_url":"https:\/\/www.colectivia.com\/blog\/validez-ilimitada\/","og_site_name":"Colectivia Blog | Parques de atracciones, acu\u00e1ticos, zool\u00f3gicos, acuarios y m\u00e1s","article_modified_time":"2020-09-21T14:56:58+00:00","twitter_card":"summary_large_image","twitter_misc":{"Tiempo de lectura":"1 minuto"},"schema":{"@context":"https:\/\/schema.org","@graph":[{"@type":"WebPage","@id":"https:\/\/www.colectivia.com\/blog\/validez-ilimitada\/","url":"https:\/\/www.colectivia.com\/blog\/validez-ilimitada\/","name":"VALIDEZ ILIMITADA - Colectivia Blog | Parques de atracciones, acu\u00e1ticos, zool\u00f3gicos, acuarios y m\u00e1s","isPartOf":{"@id":"http:\/\/34.250.150.32:80\/#website"},"datePublished":"2020-07-21T14:36:36+00:00","dateModified":"2020-09-21T14:56:58+00:00","breadcrumb":{"@id":"https:\/\/www.colectivia.com\/blog\/validez-ilimitada\/#breadcrumb"},"inLanguage":"es","potentialAction":[{"@type":"ReadAction","target":["https:\/\/www.colectivia.com\/blog\/validez-ilimitada\/"]}]},{"@type":"BreadcrumbList","@id":"https:\/\/www.colectivia.com\/blog\/validez-ilimitada\/#breadcrumb","itemListElement":[{"@type":"ListItem","position":1,"name":"Portada","item":"http:\/\/34.250.150.32:80\/"},{"@type":"ListItem","position":2,"name":"VALIDEZ ILIMITADA"}]},{"@type":"WebSite","@id":"http:\/\/34.250.150.32:80\/#website","url":"http:\/\/34.250.150.32:80\/","name":"Colectivia Blog | Parques de atracciones, acu\u00e1ticos, zool\u00f3gicos, acuarios y m\u00e1s","description":"Recomendaciones sobre actividades de ocio, gastronom\u00eda, viajes y todo lo que te gusta en tu ciudad.","publisher":{"@id":"http:\/\/34.250.150.32:80\/#organization"},"potentialAction":[{"@type":"SearchAction","target":{"@type":"EntryPoint","urlTemplate":"http:\/\/34.250.150.32:80\/?s={search_term_string}"},"query-input":"required name=search_term_string"}],"inLanguage":"es"},{"@type":"Organization","@id":"http:\/\/34.250.150.32:80\/#organization","name":"Colectivia Stories","url":"http:\/\/34.250.150.32:80\/","logo":{"@type":"ImageObject","inLanguage":"es","@id":"http:\/\/34.250.150.32:80\/#\/schema\/logo\/image\/","url":"https:\/\/www.colectivia.com\/blog\/wp-content\/uploads\/2019\/11\/colectivia.jpg","contentUrl":"https:\/\/www.colectivia.com\/blog\/wp-content\/uploads\/2019\/11\/colectivia.jpg","width":250,"height":167,"caption":"Colectivia Stories"},"image":{"@id":"http:\/\/34.250.150.32:80\/#\/schema\/logo\/image\/"}}]}},"_links":{"self":[{"href":"https:\/\/www.colectivia.com\/blog\/wp-json\/wp\/v2\/pages\/5335"}],"collection":[{"href":"https:\/\/www.colectivia.com\/blog\/wp-json\/wp\/v2\/pages"}],"about":[{"href":"https:\/\/www.colectivia.com\/blog\/wp-json\/wp\/v2\/types\/page"}],"author":[{"embeddable":true,"href":"https:\/\/www.colectivia.com\/blog\/wp-json\/wp\/v2\/users\/1"}],"replies":[{"embeddable":true,"href":"https:\/\/www.colectivia.com\/blog\/wp-json\/wp\/v2\/comments?post=5335"}],"version-history":[{"count":23,"href":"https:\/\/www.colectivia.com\/blog\/wp-json\/wp\/v2\/pages\/5335\/revisions"}],"predecessor-version":[{"id":5536,"href":"https:\/\/www.colectivia.com\/blog\/wp-json\/wp\/v2\/pages\/5335\/revisions\/5536"}],"wp:attachment":[{"href":"https:\/\/www.colectivia.com\/blog\/wp-json\/wp\/v2\/media?parent=5335"}],"curies":[{"name":"wp","href":"https:\/\/api.w.org\/{rel}","templated":true}]}}